{"id":2,"date":"2019-09-12T15:40:30","date_gmt":"2019-09-12T15:40:30","guid":{"rendered":"https:\/\/thewebsgate.com\/?page_id=2"},"modified":"2023-02-11T21:35:20","modified_gmt":"2023-02-12T01:35:20","slug":"sample-page","status":"publish","type":"page","link":"https:\/\/thewebsgate.com\/en\/sample-page\/","title":{"rendered":"TWG"},"content":{"rendered":"<div data-elementor-type=\"wp-page\" data-elementor-id=\"2\" class=\"elementor elementor-2\">\n\t\t\t\t\t\t<section class=\"elementor-section elementor-top-section elementor-element elementor-element-3e1e67da elementor-section-content-middle elementor-section-boxed elementor-section-height-default elementor-section-height-default\" data-id=\"3e1e67da\" data-element_type=\"section\" data-e-type=\"section\">\n\t\t\t\t\t\t<div class=\"elementor-container elementor-column-gap-narrow\">\n\t\t\t\t\t<div class=\"elementor-column elementor-col-100 elementor-top-column elementor-element elementor-element-7fd00733\" data-id=\"7fd00733\" data-element_type=\"column\" data-e-type=\"column\">\n\t\t\t<div class=\"elementor-widget-wrap elementor-element-populated\">\n\t\t\t\t\t\t<div class=\"elementor-element elementor-element-7da97179 elementor-widget elementor-widget-heading\" data-id=\"7da97179\" data-element_type=\"widget\" data-e-type=\"widget\" data-widget_type=\"heading.default\">\n\t\t\t\t<div class=\"elementor-widget-container\">\n\t\t\t\t\t<h5 class=\"elementor-heading-title elementor-size-default\"><b>The Web that opens the door to your business, <\/b>providing services, advice, developments and web solutions. We build awesome, unique, professional and modern websites that allow the world to see you or your business the way you want, here we present <b>portfolio<\/b> of our work.<\/h5>\t\t\t\t<\/div>\n\t\t\t\t<\/div>\n\t\t\t\t<section class=\"elementor-section elementor-inner-section elementor-element elementor-element-7a5258be elementor-section-content-middle elementor-section-boxed elementor-section-height-default elementor-section-height-default\" data-id=\"7a5258be\" data-element_type=\"section\" data-e-type=\"section\">\n\t\t\t\t\t\t<div class=\"elementor-container elementor-column-gap-no\">\n\t\t\t\t\t<div class=\"elementor-column elementor-col-50 elementor-inner-column elementor-element elementor-element-5328fb3a\" data-id=\"5328fb3a\" data-element_type=\"column\" data-e-type=\"column\">\n\t\t\t<div class=\"elementor-widget-wrap elementor-element-populated\">\n\t\t\t\t\t\t<div class=\"elementor-element elementor-element-ace24e elementor-position-top elementor-widget elementor-widget-image-box\" data-id=\"ace24e\" data-element_type=\"widget\" data-e-type=\"widget\" data-widget_type=\"image-box.default\">\n\t\t\t\t<div class=\"elementor-widget-container\">\n\t\t\t\t\t<div class=\"elementor-image-box-wrapper\"><figure class=\"elementor-image-box-img\"><a href=\"https:\/\/www.dierckgroup.com\/\" tabindex=\"-1\"><img decoding=\"async\" width=\"300\" height=\"140\" src=\"https:\/\/thewebsgate.com\/wp-content\/uploads\/2019\/09\/dierck-300x140.png\" class=\"elementor-animation-shrink attachment-medium size-medium wp-image-127\" alt=\"\" srcset=\"https:\/\/thewebsgate.com\/wp-content\/uploads\/2019\/09\/dierck-300x140.png 300w, https:\/\/thewebsgate.com\/wp-content\/uploads\/2019\/09\/dierck-768x358.png 768w, https:\/\/thewebsgate.com\/wp-content\/uploads\/2019\/09\/dierck-1024x477.png 1024w, https:\/\/thewebsgate.com\/wp-content\/uploads\/2019\/09\/dierck.png 1330w\" sizes=\"(max-width: 300px) 100vw, 300px\" \/><\/a><\/figure><div class=\"elementor-image-box-content\"><h3 class=\"elementor-image-box-title\"><a href=\"https:\/\/www.dierckgroup.com\/\">Design and Architecture<\/a><\/h3><p class=\"elementor-image-box-description\">Dierckgroup<\/p><\/div><\/div>\t\t\t\t<\/div>\n\t\t\t\t<\/div>\n\t\t\t\t\t<\/div>\n\t\t<\/div>\n\t\t\t\t<div class=\"elementor-column elementor-col-50 elementor-inner-column elementor-element elementor-element-33385f61\" data-id=\"33385f61\" data-element_type=\"column\" data-e-type=\"column\">\n\t\t\t<div class=\"elementor-widget-wrap elementor-element-populated\">\n\t\t\t\t\t\t<div class=\"elementor-element elementor-element-f5590a elementor-position-top elementor-widget elementor-widget-image-box\" data-id=\"f5590a\" data-element_type=\"widget\" data-e-type=\"widget\" data-widget_type=\"image-box.default\">\n\t\t\t\t<div class=\"elementor-widget-container\">\n\t\t\t\t\t<div class=\"elementor-image-box-wrapper\"><figure class=\"elementor-image-box-img\"><a href=\"https:\/\/www.grupo-i2.com\/productos\/tiendai2\/\" tabindex=\"-1\"><img decoding=\"async\" width=\"300\" height=\"140\" src=\"https:\/\/thewebsgate.com\/wp-content\/uploads\/2019\/11\/TiendaI2-300x140.png\" class=\"elementor-animation-shrink attachment-medium size-medium wp-image-238\" alt=\"\" srcset=\"https:\/\/thewebsgate.com\/wp-content\/uploads\/2019\/11\/TiendaI2-300x140.png 300w, https:\/\/thewebsgate.com\/wp-content\/uploads\/2019\/11\/TiendaI2-768x358.png 768w, https:\/\/thewebsgate.com\/wp-content\/uploads\/2019\/11\/TiendaI2-1024x477.png 1024w, https:\/\/thewebsgate.com\/wp-content\/uploads\/2019\/11\/TiendaI2.png 1333w\" sizes=\"(max-width: 300px) 100vw, 300px\" \/><\/a><\/figure><div class=\"elementor-image-box-content\"><h3 class=\"elementor-image-box-title\"><a href=\"https:\/\/www.grupo-i2.com\/productos\/tiendai2\/\">Health<\/a><\/h3><p class=\"elementor-image-box-description\">GrupoI2 Insumos Internacionales<\/p><\/div><\/div>\t\t\t\t<\/div>\n\t\t\t\t<\/div>\n\t\t\t\t\t<\/div>\n\t\t<\/div>\n\t\t\t\t\t<\/div>\n\t\t<\/section>\n\t\t\t\t<section class=\"elementor-section elementor-inner-section elementor-element elementor-element-2af0a5a elementor-section-content-middle elementor-section-boxed elementor-section-height-default elementor-section-height-default\" data-id=\"2af0a5a\" data-element_type=\"section\" data-e-type=\"section\">\n\t\t\t\t\t\t<div class=\"elementor-container elementor-column-gap-no\">\n\t\t\t\t\t<div class=\"elementor-column elementor-col-50 elementor-inner-column elementor-element elementor-element-3d01468c\" data-id=\"3d01468c\" data-element_type=\"column\" data-e-type=\"column\">\n\t\t\t<div class=\"elementor-widget-wrap elementor-element-populated\">\n\t\t\t\t\t\t<div class=\"elementor-element elementor-element-679e22ae elementor-position-top elementor-widget elementor-widget-image-box\" data-id=\"679e22ae\" data-element_type=\"widget\" data-e-type=\"widget\" data-widget_type=\"image-box.default\">\n\t\t\t\t<div class=\"elementor-widget-container\">\n\t\t\t\t\t<div class=\"elementor-image-box-wrapper\"><figure class=\"elementor-image-box-img\"><a href=\"https:\/\/fundacionjezreel.com\/\" tabindex=\"-1\"><img decoding=\"async\" width=\"300\" height=\"121\" src=\"https:\/\/thewebsgate.com\/wp-content\/uploads\/2019\/11\/Jezreel2-300x121.png\" class=\"elementor-animation-shrink attachment-medium size-medium wp-image-222\" alt=\"\" srcset=\"https:\/\/thewebsgate.com\/wp-content\/uploads\/2019\/11\/Jezreel2-300x121.png 300w, https:\/\/thewebsgate.com\/wp-content\/uploads\/2019\/11\/Jezreel2-768x309.png 768w, https:\/\/thewebsgate.com\/wp-content\/uploads\/2019\/11\/Jezreel2-1024x412.png 1024w, https:\/\/thewebsgate.com\/wp-content\/uploads\/2019\/11\/Jezreel2.png 1339w\" sizes=\"(max-width: 300px) 100vw, 300px\" \/><\/a><\/figure><div class=\"elementor-image-box-content\"><h3 class=\"elementor-image-box-title\"><a href=\"https:\/\/fundacionjezreel.com\/\">Non-profit organizations<\/a><\/h3><p class=\"elementor-image-box-description\">AC Fundaci\u00f3n Jezreel<\/p><\/div><\/div>\t\t\t\t<\/div>\n\t\t\t\t<\/div>\n\t\t\t\t\t<\/div>\n\t\t<\/div>\n\t\t\t\t<div class=\"elementor-column elementor-col-50 elementor-inner-column elementor-element elementor-element-288404cb\" data-id=\"288404cb\" data-element_type=\"column\" data-e-type=\"column\">\n\t\t\t<div class=\"elementor-widget-wrap elementor-element-populated\">\n\t\t\t\t\t\t<div class=\"elementor-element elementor-element-1d73ab96 elementor-position-top elementor-widget elementor-widget-image-box\" data-id=\"1d73ab96\" data-element_type=\"widget\" data-e-type=\"widget\" data-widget_type=\"image-box.default\">\n\t\t\t\t<div class=\"elementor-widget-container\">\n\t\t\t\t\t<div class=\"elementor-image-box-wrapper\"><figure class=\"elementor-image-box-img\"><a href=\"https:\/\/c2consultoresmc.com\/\" tabindex=\"-1\"><img loading=\"lazy\" decoding=\"async\" width=\"300\" height=\"139\" src=\"https:\/\/thewebsgate.com\/wp-content\/uploads\/2020\/05\/c2consultores-300x139.png\" class=\"elementor-animation-shrink attachment-medium size-medium wp-image-586\" alt=\"\" srcset=\"https:\/\/thewebsgate.com\/wp-content\/uploads\/2020\/05\/c2consultores-300x139.png 300w, https:\/\/thewebsgate.com\/wp-content\/uploads\/2020\/05\/c2consultores-1024x474.png 1024w, https:\/\/thewebsgate.com\/wp-content\/uploads\/2020\/05\/c2consultores-768x355.png 768w, https:\/\/thewebsgate.com\/wp-content\/uploads\/2020\/05\/c2consultores.png 1342w\" sizes=\"(max-width: 300px) 100vw, 300px\" \/><\/a><\/figure><div class=\"elementor-image-box-content\"><h3 class=\"elementor-image-box-title\"><a href=\"https:\/\/c2consultoresmc.com\/\">Coaching<\/a><\/h3><p class=\"elementor-image-box-description\">C2consultores<\/p><\/div><\/div>\t\t\t\t<\/div>\n\t\t\t\t<\/div>\n\t\t\t\t\t<\/div>\n\t\t<\/div>\n\t\t\t\t\t<\/div>\n\t\t<\/section>\n\t\t\t\t\t<\/div>\n\t\t<\/div>\n\t\t\t\t\t<\/div>\n\t\t<\/section>\n\t\t\t\t<section class=\"elementor-section elementor-top-section elementor-element elementor-element-2259acf elementor-section-boxed elementor-section-height-default elementor-section-height-default\" data-id=\"2259acf\" data-element_type=\"section\" data-e-type=\"section\">\n\t\t\t\t\t\t<div class=\"elementor-container elementor-column-gap-default\">\n\t\t\t\t\t<div class=\"elementor-column elementor-col-50 elementor-top-column elementor-element elementor-element-24474f9\" data-id=\"24474f9\" data-element_type=\"column\" data-e-type=\"column\">\n\t\t\t<div class=\"elementor-widget-wrap elementor-element-populated\">\n\t\t\t\t\t\t<div class=\"elementor-element elementor-element-5556e50 elementor-widget elementor-widget-heading\" data-id=\"5556e50\" data-element_type=\"widget\" data-e-type=\"widget\" data-widget_type=\"heading.default\">\n\t\t\t\t<div class=\"elementor-widget-container\">\n\t\t\t\t\t<h2 class=\"elementor-heading-title elementor-size-default\">Web Presence<\/h2>\t\t\t\t<\/div>\n\t\t\t\t<\/div>\n\t\t\t\t\t<\/div>\n\t\t<\/div>\n\t\t\t\t<div class=\"elementor-column elementor-col-50 elementor-top-column elementor-element elementor-element-f558e3e\" data-id=\"f558e3e\" data-element_type=\"column\" data-e-type=\"column\">\n\t\t\t<div class=\"elementor-widget-wrap elementor-element-populated\">\n\t\t\t\t\t\t<section class=\"elementor-section elementor-inner-section elementor-element elementor-element-2213970 elementor-section-content-middle elementor-section-boxed elementor-section-height-default elementor-section-height-default\" data-id=\"2213970\" data-element_type=\"section\" data-e-type=\"section\">\n\t\t\t\t\t\t<div class=\"elementor-container elementor-column-gap-narrow\">\n\t\t\t\t\t<div class=\"elementor-column elementor-col-100 elementor-inner-column elementor-element elementor-element-c83c17e\" data-id=\"c83c17e\" data-element_type=\"column\" data-e-type=\"column\">\n\t\t\t<div class=\"elementor-widget-wrap elementor-element-populated\">\n\t\t\t\t\t\t<div class=\"elementor-element elementor-element-1540a67 elementor-arrows-position-inside elementor-pagination-position-outside elementor-widget elementor-widget-image-carousel\" data-id=\"1540a67\" data-element_type=\"widget\" data-e-type=\"widget\" data-settings=\"{&quot;navigation&quot;:&quot;both&quot;,&quot;autoplay&quot;:&quot;yes&quot;,&quot;pause_on_hover&quot;:&quot;yes&quot;,&quot;pause_on_interaction&quot;:&quot;yes&quot;,&quot;autoplay_speed&quot;:5000,&quot;infinite&quot;:&quot;yes&quot;,&quot;speed&quot;:500}\" data-widget_type=\"image-carousel.default\">\n\t\t\t\t<div class=\"elementor-widget-container\">\n\t\t\t\t\t\t\t<div class=\"elementor-image-carousel-wrapper swiper\" role=\"region\" aria-roledescription=\"carousel\" aria-label=\"Carrusel de im\u00e1genes\" dir=\"ltr\">\n\t\t\t<div class=\"elementor-image-carousel swiper-wrapper\" aria-live=\"off\">\n\t\t\t\t\t\t\t\t<div class=\"swiper-slide\" role=\"group\" aria-roledescription=\"slide\" aria-label=\"1 de 3\"><figure class=\"swiper-slide-inner\"><img decoding=\"async\" class=\"swiper-slide-image\" src=\"https:\/\/thewebsgate.com\/wp-content\/uploads\/2020\/06\/venezuela.png\" alt=\"venezuela\" \/><\/figure><\/div><div class=\"swiper-slide\" role=\"group\" aria-roledescription=\"slide\" aria-label=\"2 de 3\"><figure class=\"swiper-slide-inner\"><img decoding=\"async\" class=\"swiper-slide-image\" src=\"https:\/\/thewebsgate.com\/wp-content\/uploads\/2020\/06\/panama-1.png\" alt=\"panama\" \/><\/figure><\/div><div class=\"swiper-slide\" role=\"group\" aria-roledescription=\"slide\" aria-label=\"3 de 3\"><figure class=\"swiper-slide-inner\"><img decoding=\"async\" class=\"swiper-slide-image\" src=\"https:\/\/thewebsgate.com\/wp-content\/uploads\/2020\/06\/spain.png\" alt=\"spain\" \/><\/figure><\/div>\t\t\t<\/div>\n\t\t\t\t\t\t\t\t\t\t\t\t<div class=\"elementor-swiper-button elementor-swiper-button-prev\" role=\"button\" tabindex=\"0\">\n\t\t\t\t\t\t<i aria-hidden=\"true\" class=\"eicon-chevron-left\"><\/i>\t\t\t\t\t<\/div>\n\t\t\t\t\t<div class=\"elementor-swiper-button elementor-swiper-button-next\" role=\"button\" tabindex=\"0\">\n\t\t\t\t\t\t<i aria-hidden=\"true\" class=\"eicon-chevron-right\"><\/i>\t\t\t\t\t<\/div>\n\t\t\t\t\n\t\t\t\t\t\t\t\t\t<div class=\"swiper-pagination\"><\/div>\n\t\t\t\t\t\t\t\t\t<\/div>\n\t\t\t\t\t\t<\/div>\n\t\t\t\t<\/div>\n\t\t\t\t\t<\/div>\n\t\t<\/div>\n\t\t\t\t\t<\/div>\n\t\t<\/section>\n\t\t\t\t\t<\/div>\n\t\t<\/div>\n\t\t\t\t\t<\/div>\n\t\t<\/section>\n\t\t\t\t<\/div>","protected":false},"excerpt":{"rendered":"<p>La Web que abre la puerta de su negocio, Servicios, Asesor\u00edas, Desarrollos y Soluciones Web. Construimos sitios web incre\u00edbles, \u00fanicos, profesionales y modernos que permite al mundo verle a usted o a su negocio de la forma que usted quiera, aqu\u00ed le presentamos portafolio de nuestro trabajo. Dise\u00f1o y Arquitectura\u200b Dierckgroup Salud GrupoI2 Insumos Internacionales [&hellip;]<\/p>\n","protected":false},"author":1,"featured_media":2425,"parent":0,"menu_order":0,"comment_status":"closed","ping_status":"open","template":"","meta":{"_uag_custom_page_level_css":"","_monsterinsights_skip_tracking":false,"_monsterinsights_sitenote_active":false,"_monsterinsights_sitenote_note":"","_monsterinsights_sitenote_category":0,"_uf_show_specific_survey":0,"_uf_disable_surveys":false,"site-sidebar-layout":"default","site-content-layout":"default","ast-site-content-layout":"default","site-content-style":"default","site-sidebar-style":"default","ast-global-header-display":"","ast-banner-title-visibility":"","ast-main-header-display":"","ast-hfb-above-header-display":"","ast-hfb-below-header-display":"","ast-hfb-mobile-header-display":"","site-post-title":"","ast-breadcrumbs-content":"","ast-featured-img":"","footer-sml-layout":"","ast-disable-related-posts":"","theme-transparent-header-meta":"default","adv-header-id-meta":"","stick-header-meta":"default","header-above-stick-meta":"","header-main-stick-meta":"","header-below-stick-meta":"","astra-migrate-meta-layouts":"default","ast-page-background-enabled":"default","ast-page-background-meta":{"desktop":{"background-color":"","background-image":"","background-repeat":"repeat","background-position":"center center","background-size":"auto","background-attachment":"scroll","background-type":"","background-media":"","overlay-type":"","overlay-color":"","overlay-opacity":"","overlay-gradient":""},"tablet":{"background-color":"","background-image":"","background-repeat":"repeat","background-position":"center center","background-size":"auto","background-attachment":"scroll","background-type":"","background-media":"","overlay-type":"","overlay-color":"","overlay-opacity":"","overlay-gradient":""},"mobile":{"background-color":"","background-image":"","background-repeat":"repeat","background-position":"center center","background-size":"auto","background-attachment":"scroll","background-type":"","background-media":"","overlay-type":"","overlay-color":"","overlay-opacity":"","overlay-gradient":""}},"ast-content-background-meta":{"desktop":{"background-color":"var(--ast-global-color-5)","background-image":"","background-repeat":"repeat","background-position":"center center","background-size":"auto","background-attachment":"scroll","background-type":"","background-media":"","overlay-type":"","overlay-color":"","overlay-opacity":"","overlay-gradient":""},"tablet":{"background-color":"var(--ast-global-color-5)","background-image":"","background-repeat":"repeat","background-position":"center center","background-size":"auto","background-attachment":"scroll","background-type":"","background-media":"","overlay-type":"","overlay-color":"","overlay-opacity":"","overlay-gradient":""},"mobile":{"background-color":"var(--ast-global-color-5)","background-image":"","background-repeat":"repeat","background-position":"center center","background-size":"auto","background-attachment":"scroll","background-type":"","background-media":"","overlay-type":"","overlay-color":"","overlay-opacity":"","overlay-gradient":""}},"footnotes":""},"class_list":["post-2","page","type-page","status-publish","has-post-thumbnail","hentry"],"aioseo_notices":[],"uagb_featured_image_src":{"full":["https:\/\/thewebsgate.com\/wp-content\/uploads\/2021\/11\/cropped-RRSS2.png",512,512,false],"thumbnail":["https:\/\/thewebsgate.com\/wp-content\/uploads\/2021\/11\/cropped-RRSS2-150x150.png",150,150,true],"medium":["https:\/\/thewebsgate.com\/wp-content\/uploads\/2021\/11\/cropped-RRSS2-300x300.png",300,300,true],"medium_large":["https:\/\/thewebsgate.com\/wp-content\/uploads\/2021\/11\/cropped-RRSS2.png",512,512,false],"large":["https:\/\/thewebsgate.com\/wp-content\/uploads\/2021\/11\/cropped-RRSS2.png",512,512,false],"1536x1536":["https:\/\/thewebsgate.com\/wp-content\/uploads\/2021\/11\/cropped-RRSS2.png",512,512,false],"2048x2048":["https:\/\/thewebsgate.com\/wp-content\/uploads\/2021\/11\/cropped-RRSS2.png",512,512,false],"trp-custom-language-flag":["https:\/\/thewebsgate.com\/wp-content\/uploads\/2021\/11\/cropped-RRSS2-12x12.png",12,12,true],"form-edit-image-preview":["https:\/\/thewebsgate.com\/wp-content\/uploads\/2021\/11\/cropped-RRSS2-116x116.png",116,116,true]},"uagb_author_info":{"display_name":"thewebsgate","author_link":"https:\/\/thewebsgate.com\/en\/author\/thewebsgate\/"},"uagb_comment_info":0,"uagb_excerpt":"La Web que abre la puerta de su negocio, Servicios, Asesor\u00edas, Desarrollos y Soluciones Web. Construimos sitios web incre\u00edbles, \u00fanicos, profesionales y modernos que permite al mundo verle a usted o a su negocio de la forma que usted quiera, aqu\u00ed le presentamos portafolio de nuestro trabajo. Dise\u00f1o y Arquitectura\u200b Dierckgroup Salud GrupoI2 Insumos Internacionales&hellip;","_links":{"self":[{"href":"https:\/\/thewebsgate.com\/en\/wp-json\/wp\/v2\/pages\/2","targetHints":{"allow":["GET"]}}],"collection":[{"href":"https:\/\/thewebsgate.com\/en\/wp-json\/wp\/v2\/pages"}],"about":[{"href":"https:\/\/thewebsgate.com\/en\/wp-json\/wp\/v2\/types\/page"}],"author":[{"embeddable":true,"href":"https:\/\/thewebsgate.com\/en\/wp-json\/wp\/v2\/users\/1"}],"replies":[{"embeddable":true,"href":"https:\/\/thewebsgate.com\/en\/wp-json\/wp\/v2\/comments?post=2"}],"version-history":[{"count":87,"href":"https:\/\/thewebsgate.com\/en\/wp-json\/wp\/v2\/pages\/2\/revisions"}],"predecessor-version":[{"id":2328,"href":"https:\/\/thewebsgate.com\/en\/wp-json\/wp\/v2\/pages\/2\/revisions\/2328"}],"wp:featuredmedia":[{"embeddable":true,"href":"https:\/\/thewebsgate.com\/en\/wp-json\/wp\/v2\/media\/2425"}],"wp:attachment":[{"href":"https:\/\/thewebsgate.com\/en\/wp-json\/wp\/v2\/media?parent=2"}],"curies":[{"name":"wp","href":"https:\/\/api.w.org\/{rel}","templated":true}]}}